{"id":891,"date":"2021-04-12T08:14:11","date_gmt":"2021-04-12T08:14:11","guid":{"rendered":"https:\/\/lafeminite.vamtam.com\/?page_id=891"},"modified":"2024-11-01T11:39:05","modified_gmt":"2024-11-01T11:39:05","slug":"contacte","status":"publish","type":"page","link":"https:\/\/estherbarniol.com\/comunicat\/contacte\/","title":{"rendered":"Contacte"},"content":{"rendered":"\t\t<div data-elementor-type=\"wp-page\" data-elementor-id=\"891\" class=\"elementor elementor-891\" data-elementor-post-type=\"page\">\n\t\t\t\t\t\t<section class=\"elementor-section elementor-top-section elementor-element elementor-element-c748e6e elementor-section-boxed elementor-section-height-default elementor-section-height-default\" data-id=\"c748e6e\" data-element_type=\"section\" data-settings=\"{&quot;background_background&quot;:&quot;classic&quot;}\">\n\t\t\t\t\t\t<div class=\"elementor-container elementor-column-gap-no\">\n\t\t\t\t\t<div class=\"elementor-column elementor-col-100 elementor-top-column elementor-element elementor-element-d605dfd animated-slow elementor-invisible\" data-id=\"d605dfd\" data-element_type=\"column\" data-settings=\"{&quot;animation&quot;:&quot;fadeIn&quot;,&quot;animation_delay&quot;:100}\">\n\t\t\t<div class=\"elementor-widget-wrap elementor-element-populated\">\n\t\t\t\t\t\t\t<\/div>\n\t\t<\/div>\n\t\t\t\t\t<\/div>\n\t\t<\/section>\n\t\t\t\t<section class=\"elementor-section elementor-top-section elementor-element elementor-element-5d1b360 elementor-reverse-mobile elementor-section-full_width elementor-section-height-default elementor-section-height-default\" data-id=\"5d1b360\" data-element_type=\"section\" data-settings=\"{&quot;background_background&quot;:&quot;classic&quot;}\">\n\t\t\t\t\t\t<div class=\"elementor-container elementor-column-gap-no\">\n\t\t\t\t\t<div class=\"elementor-column elementor-col-100 elementor-top-column elementor-element elementor-element-e5ad093\" data-id=\"e5ad093\" data-element_type=\"column\">\n\t\t\t<div class=\"elementor-widget-wrap elementor-element-populated\">\n\t\t\t\t\t\t<div class=\"elementor-element elementor-element-b1ff36b elementor-view-default elementor-invisible elementor-widget elementor-widget-icon\" data-id=\"b1ff36b\" data-element_type=\"widget\" data-settings=\"{&quot;_animation&quot;:&quot;rotateIn&quot;,&quot;_animation_delay&quot;:200}\" data-widget_type=\"icon.default\">\n\t\t\t\t<div class=\"elementor-widget-container\">\n\t\t\t\t\t<div class=\"elementor-icon-wrapper\">\n\t\t\t<div class=\"elementor-icon\">\n\t\t\t<i aria-hidden=\"true\" class=\"vamtamtheme- vamtam-theme-slash\"><\/i>\t\t\t<\/div>\n\t\t<\/div>\n\t\t\t\t<\/div>\n\t\t\t\t<\/div>\n\t\t\t\t<div class=\"elementor-element elementor-element-401d802 elementor-invisible elementor-widget elementor-widget-image\" data-id=\"401d802\" data-element_type=\"widget\" data-settings=\"{&quot;_animation&quot;:&quot;imageGrowWithScaleBottom&quot;,&quot;_animation_tablet&quot;:&quot;none&quot;}\" data-widget_type=\"image.default\">\n\t\t\t\t<div class=\"elementor-widget-container\">\n\t\t\t\t\t\t\t\t\t\t\t\t\t<img fetchpriority=\"high\" decoding=\"async\" width=\"1024\" height=\"682\" src=\"https:\/\/estherbarniol.com\/comunicat\/wp-content\/uploads\/2024\/10\/comunicat2025-468-1024x682.jpg\" class=\"attachment-large size-large wp-image-988154\" alt=\"\" srcset=\"https:\/\/estherbarniol.com\/comunicat\/wp-content\/uploads\/2024\/10\/comunicat2025-468-1024x682.jpg 1024w, https:\/\/estherbarniol.com\/comunicat\/wp-content\/uploads\/2024\/10\/comunicat2025-468-300x200.jpg 300w, https:\/\/estherbarniol.com\/comunicat\/wp-content\/uploads\/2024\/10\/comunicat2025-468-768x512.jpg 768w, https:\/\/estherbarniol.com\/comunicat\/wp-content\/uploads\/2024\/10\/comunicat2025-468-1536x1024.jpg 1536w, https:\/\/estherbarniol.com\/comunicat\/wp-content\/uploads\/2024\/10\/comunicat2025-468-630x420.jpg 630w, https:\/\/estherbarniol.com\/comunicat\/wp-content\/uploads\/2024\/10\/comunicat2025-468-1260x840.jpg 1260w, https:\/\/estherbarniol.com\/comunicat\/wp-content\/uploads\/2024\/10\/comunicat2025-468-315x210.jpg 315w, https:\/\/estherbarniol.com\/comunicat\/wp-content\/uploads\/2024\/10\/comunicat2025-468.jpg 2000w\" sizes=\"(max-width: 1024px) 100vw, 1024px\" \/>\t\t\t\t\t\t\t\t\t\t\t\t\t<\/div>\n\t\t\t\t<\/div>\n\t\t\t\t\t<\/div>\n\t\t<\/div>\n\t\t\t\t\t<\/div>\n\t\t<\/section>\n\t\t<div class=\"elementor-element elementor-element-0206749 e-flex e-con-boxed e-con e-parent\" data-id=\"0206749\" data-element_type=\"container\">\n\t\t\t\t\t<div class=\"e-con-inner\">\n\t\t<div class=\"elementor-element elementor-element-a1ebd86 e-con-full e-flex e-con e-child\" data-id=\"a1ebd86\" data-element_type=\"container\">\n\t\t\t\t<div class=\"elementor-element elementor-element-af3c031 elementor-widget-mobile__width-initial elementor-widget elementor-widget-text-editor\" data-id=\"af3c031\" data-element_type=\"widget\" data-widget_type=\"text-editor.default\">\n\t\t\t\t<div class=\"elementor-widget-container\">\n\t\t\t\t\t\t\t<p><strong>Si t\u2019has llegit tots els apartats<\/strong> i creus que el\u00a0Comunica\u2019t \u00e9s el que busques, per\u00f2 tens algun dubte o ens vols comentar qualsevol inquietud estarem encantades d\u2019ajudar-te, pots enviar-nos un mail a\u00a0<a href=\"mailto:info@estherbarniol.com\">info@estherbarniol.com<\/a>\u00a0o omplir la seg\u00fcent butlleta de subscripci\u00f3 i et contestarem en un termini de 48\/72 h.<\/p><p>Si prefereixes fer una videotrucada i que ens veiem les cares, pots reservar dia i hora a l\u2019apartat de preguntes freq\u00fcents. El cost d\u2019aquesta reuni\u00f3 \u00e9s totalment gratu\u00eft.<\/p>\t\t\t\t\t\t<\/div>\n\t\t\t\t<\/div>\n\t\t\t\t<div class=\"elementor-element elementor-element-b3bfe96 elementor-align-right elementor-mobile-align-center elementor-widget elementor-widget-button\" data-id=\"b3bfe96\" data-element_type=\"widget\" data-widget_type=\"button.default\">\n\t\t\t\t<div class=\"elementor-widget-container\">\n\t\t\t\t\t<div class=\"elementor-button-wrapper\">\n\t\t\t<a class=\"elementor-button elementor-button-link elementor-size-sm\" href=\"https:\/\/estherbarniol.com\/comunicat\/preguntes-frequents\/\">\n\t\t\t\t\t\t<span class=\"elementor-button-content-wrapper\">\n\t\t\t\t\t\t<span class=\"elementor-button-icon\">\n\t\t\t\t<i aria-hidden=\"true\" class=\"vamtamtheme- vamtam-theme-arrow-right\"><\/i>\t\t\t<\/span>\n\t\t\t\t\t\t\t\t\t<span class=\"elementor-button-text\">Preguntes freq\u00fcents<\/span>\n\t\t\t\t\t<\/span>\n\t\t\t\t\t<\/a>\n\t\t<\/div>\n\t\t\t\t<\/div>\n\t\t\t\t<\/div>\n\t\t\t\t<div class=\"elementor-element elementor-element-49756ed elementor-widget-mobile__width-initial elementor-widget elementor-widget-text-editor\" data-id=\"49756ed\" data-element_type=\"widget\" data-widget_type=\"text-editor.default\">\n\t\t\t\t<div class=\"elementor-widget-container\">\n\t\t\t\t\t\t\t<p>El Comunica&#8217;t arriba a la seva vuitena edici\u00f3 aquest 2025. Des dels seus inicis he dissenyat cada nova edici\u00f3 escoltant les necessitats reals de les assistents. El seu testimoni \u00e9s clau per crear el programa de cada pr\u00f2xima edici\u00f3. Tens tota la informaci\u00f3 a l&#8217;apartat programa.<\/p>\t\t\t\t\t\t<\/div>\n\t\t\t\t<\/div>\n\t\t\t\t<div class=\"elementor-element elementor-element-b62c69c elementor-align-right elementor-mobile-align-center elementor-widget elementor-widget-button\" data-id=\"b62c69c\" data-element_type=\"widget\" data-widget_type=\"button.default\">\n\t\t\t\t<div class=\"elementor-widget-container\">\n\t\t\t\t\t<div class=\"elementor-button-wrapper\">\n\t\t\t<a class=\"elementor-button elementor-button-link elementor-size-sm\" href=\"https:\/\/estherbarniol.com\/comunicat\/programa-comunicat-2025\/\">\n\t\t\t\t\t\t<span class=\"elementor-button-content-wrapper\">\n\t\t\t\t\t\t<span class=\"elementor-button-icon\">\n\t\t\t\t<i aria-hidden=\"true\" class=\"vamtamtheme- vamtam-theme-arrow-right\"><\/i>\t\t\t<\/span>\n\t\t\t\t\t\t\t\t\t<span class=\"elementor-button-text\">Veure programa<\/span>\n\t\t\t\t\t<\/span>\n\t\t\t\t\t<\/a>\n\t\t<\/div>\n\t\t\t\t<\/div>\n\t\t\t\t<\/div>\n\t\t\t\t<\/div>\n\t\t<div class=\"elementor-element elementor-element-2a72ea6 e-con-full e-flex e-con e-child\" data-id=\"2a72ea6\" data-element_type=\"container\">\n\t\t\t\t<div class=\"elementor-element elementor-element-ee0f846 elementor-widget-mobile__width-initial elementor-widget elementor-widget-form\" data-id=\"ee0f846\" data-element_type=\"widget\" data-settings=\"{&quot;button_width&quot;:&quot;25&quot;,&quot;step_next_label&quot;:&quot;Next&quot;,&quot;step_previous_label&quot;:&quot;Previous&quot;,&quot;step_type&quot;:&quot;number_text&quot;,&quot;step_icon_shape&quot;:&quot;circle&quot;}\" data-widget_type=\"form.default\">\n\t\t\t\t<div class=\"elementor-widget-container\">\n\t\t\t\t\t<form class=\"elementor-form\" method=\"post\" name=\"Formulari\" novalidate=\"\">\n\t\t\t<input type=\"hidden\" name=\"post_id\" value=\"891\"\/>\n\t\t\t<input type=\"hidden\" name=\"form_id\" value=\"ee0f846\"\/>\n\t\t\t<input type=\"hidden\" name=\"referer_title\" value=\"Contacte\" \/>\n\n\t\t\t\t\t\t\t<input type=\"hidden\" name=\"queried_id\" value=\"891\"\/>\n\t\t\t\n\t\t\t<div class=\"elementor-form-fields-wrapper elementor-labels-\">\n\t\t\t\t\t\t\t\t<div class=\"elementor-field-type-text elementor-field-group elementor-column elementor-field-group-name elementor-col-100 elementor-field-required\">\n\t\t\t\t\t\t\t\t\t\t\t\t<label for=\"form-field-name\" class=\"elementor-field-label elementor-screen-only\">\n\t\t\t\t\t\t\t\tNOM\t\t\t\t\t\t\t<\/label>\n\t\t\t\t\t\t\t\t\t\t\t\t\t\t<input size=\"1\" type=\"text\" name=\"form_fields[name]\" id=\"form-field-name\" class=\"elementor-field elementor-size-sm  elementor-field-textual\" placeholder=\"NOM\" required=\"required\" aria-required=\"true\">\n\t\t\t\t\t\t\t\t\t\t\t<\/div>\n\t\t\t\t\t\t\t\t<div class=\"elementor-field-type-email elementor-field-group elementor-column elementor-field-group-email elementor-col-100 elementor-field-required\">\n\t\t\t\t\t\t\t\t\t\t\t\t<label for=\"form-field-email\" class=\"elementor-field-label elementor-screen-only\">\n\t\t\t\t\t\t\t\tEMAIL\t\t\t\t\t\t\t<\/label>\n\t\t\t\t\t\t\t\t\t\t\t\t\t\t<input size=\"1\" type=\"email\" name=\"form_fields[email]\" id=\"form-field-email\" class=\"elementor-field elementor-size-sm  elementor-field-textual\" placeholder=\"EMAIL\" required=\"required\" aria-required=\"true\">\n\t\t\t\t\t\t\t\t\t\t\t<\/div>\n\t\t\t\t\t\t\t\t<div class=\"elementor-field-type-textarea elementor-field-group elementor-column elementor-field-group-message elementor-col-100\">\n\t\t\t\t\t\t\t\t\t\t\t\t<label for=\"form-field-message\" class=\"elementor-field-label elementor-screen-only\">\n\t\t\t\t\t\t\t\tMISSATGE\t\t\t\t\t\t\t<\/label>\n\t\t\t\t\t\t<textarea class=\"elementor-field-textual elementor-field  elementor-size-sm\" name=\"form_fields[message]\" id=\"form-field-message\" rows=\"4\" placeholder=\"MISSATGE\"><\/textarea>\t\t\t\t<\/div>\n\t\t\t\t\t\t\t\t<div class=\"elementor-field-type-acceptance elementor-field-group elementor-column elementor-field-group-field_2144b31 elementor-col-100 elementor-field-required\">\n\t\t\t\t\t\t\t\t\t\t\t\t<label for=\"form-field-field_2144b31\" class=\"elementor-field-label elementor-screen-only\">\n\t\t\t\t\t\t\t\tPOLITICA\t\t\t\t\t\t\t<\/label>\n\t\t\t\t\t\t\t\t<div class=\"elementor-field-subgroup\">\n\t\t\t<span class=\"elementor-field-option\">\n\t\t\t\t<input type=\"checkbox\" name=\"form_fields[field_2144b31]\" id=\"form-field-field_2144b31\" class=\"elementor-field elementor-size-sm  elementor-acceptance-field\" required=\"required\" aria-required=\"true\">\n\t\t\t\t<label for=\"form-field-field_2144b31\"><font size=1>ACCEPTO LA  <a href=\"https:\/\/estherbarniol.com\/v1\/politica-de-privacitat\/\">POL\u00cdTICA DE PRIVACITAT<\/a><\/font><\/label>\t\t\t<\/span>\n\t\t<\/div>\n\t\t\t\t\t\t<\/div>\n\t\t\t\t\t\t\t\t<div class=\"elementor-field-type-acceptance elementor-field-group elementor-column elementor-field-group-field_296079c elementor-col-100\">\n\t\t\t\t\t\t\t\t\t\t\t\t<label for=\"form-field-field_296079c\" class=\"elementor-field-label elementor-screen-only\">\n\t\t\t\t\t\t\t\tCOMERCIALS\t\t\t\t\t\t\t<\/label>\n\t\t\t\t\t\t\t\t<div class=\"elementor-field-subgroup\">\n\t\t\t<span class=\"elementor-field-option\">\n\t\t\t\t<input type=\"checkbox\" name=\"form_fields[field_296079c]\" id=\"form-field-field_296079c\" class=\"elementor-field elementor-size-sm  elementor-acceptance-field\">\n\t\t\t\t<label for=\"form-field-field_296079c\"><font size=1>ACCEPTO L'ENVIAMENT DE COMUNICACIONS COMERCIALS<\/a><\/font><\/label>\t\t\t<\/span>\n\t\t<\/div>\n\t\t\t\t\t\t<\/div>\n\t\t\t\t\t\t\t\t<div class=\"elementor-field-type-html elementor-field-group elementor-column elementor-field-group-field_883b609 elementor-col-100\">\n\t\t\t\t\t<font size=1>La informaci\u00f3 que ens facilites ser\u00e0 tractada per Esther Barniol Canal responsable del portal web, per tal de tractar les teves dades per atendre la seva sol\u00b7licitud. Les dades proporcionades es conservaran mentre es mantingui la relaci\u00f3 comercial o durant els anys necessaris per complir amb les obligacions legals. La legitimaci\u00f3 s\u2019obt\u00e9 en considerar-se una dilig\u00e8ncia pre-contractual. Les dades no es cediran a tercers excepte en els casos en qu\u00e8 hi hagi una obligaci\u00f3 legal. Podr\u00e0s exercir els teus drets a estherbarniol@estherbarniol.com<\/font>\t\t\t\t<\/div>\n\t\t\t\t\t\t\t\t<div class=\"elementor-field-group elementor-column elementor-field-type-submit elementor-col-25 e-form__buttons\">\n\t\t\t\t\t<button class=\"elementor-button elementor-size-xs\" type=\"submit\">\n\t\t\t\t\t\t<span class=\"elementor-button-content-wrapper\">\n\t\t\t\t\t\t\t\t\t\t\t\t\t\t\t\t\t\t\t\t\t\t<span class=\"elementor-button-text\">ENVIAR<\/span>\n\t\t\t\t\t\t\t\t\t\t\t\t\t<\/span>\n\t\t\t\t\t<\/button>\n\t\t\t\t<\/div>\n\t\t\t<\/div>\n\t\t<\/form>\n\t\t\t\t<\/div>\n\t\t\t\t<\/div>\n\t\t\t\t<\/div>\n\t\t\t\t\t<\/div>\n\t\t\t\t<\/div>\n\t\t<div class=\"elementor-element elementor-element-5c6a977 e-flex e-con-boxed e-con e-parent\" data-id=\"5c6a977\" data-element_type=\"container\">\n\t\t\t\t\t<div class=\"e-con-inner\">\n\t\t\t\t<div class=\"elementor-element elementor-element-d67d6ed elementor-widget-divider--view-line elementor-widget elementor-widget-divider\" data-id=\"d67d6ed\" data-element_type=\"widget\" data-widget_type=\"divider.default\">\n\t\t\t\t<div class=\"elementor-widget-container\">\n\t\t\t\t\t<div class=\"elementor-divider\">\n\t\t\t<span class=\"elementor-divider-separator\">\n\t\t\t\t\t\t<\/span>\n\t\t<\/div>\n\t\t\t\t<\/div>\n\t\t\t\t<\/div>\n\t\t\t\t<div class=\"elementor-element elementor-element-1ed3c6e elementor-widget-mobile__width-initial elementor-widget elementor-widget-text-editor\" data-id=\"1ed3c6e\" data-element_type=\"widget\" data-widget_type=\"text-editor.default\">\n\t\t\t\t<div class=\"elementor-widget-container\">\n\t\t\t\t\t\t\t<p>Si tens una marca i la vols fer visible a les m\u00e9s de 90 dones participants en el Comunica\u2019t, tens alguna idea de col\u00b7laboraci\u00f3 o proposta, soc tota orelles, crec que les sinergies s\u00f3n molt poderoses. Escriu-me a <a href=\"mailto:info@estherbarniol.com\">info@estherbarniol.com<\/a> i en parlem.<\/p>\t\t\t\t\t\t<\/div>\n\t\t\t\t<\/div>\n\t\t\t\t\t<\/div>\n\t\t\t\t<\/div>\n\t\t\t\t<\/div>\n\t\t","protected":false},"excerpt":{"rendered":"<p>Si t\u2019has llegit tots els apartats i creus que el\u00a0Comunica\u2019t \u00e9s el que busques, per\u00f2 tens algun dubte o ens vols comentar qualsevol inquietud estarem encantades d\u2019ajudar-te, pots enviar-nos un mail a\u00a0info@estherbarniol.com\u00a0o omplir la seg\u00fcent butlleta de subscripci\u00f3 i et contestarem en un termini de 48\/72 h. Si prefereixes fer una videotrucada i que ens&#8230;<\/p>\n","protected":false},"author":1,"featured_media":987654,"parent":0,"menu_order":0,"comment_status":"closed","ping_status":"closed","template":"","meta":{"footnotes":""},"class_list":["post-891","page","type-page","status-publish","has-post-thumbnail","hentry"],"_links":{"self":[{"href":"https:\/\/estherbarniol.com\/comunicat\/wp-json\/wp\/v2\/pages\/891","targetHints":{"allow":["GET"]}}],"collection":[{"href":"https:\/\/estherbarniol.com\/comunicat\/wp-json\/wp\/v2\/pages"}],"about":[{"href":"https:\/\/estherbarniol.com\/comunicat\/wp-json\/wp\/v2\/types\/page"}],"author":[{"embeddable":true,"href":"https:\/\/estherbarniol.com\/comunicat\/wp-json\/wp\/v2\/users\/1"}],"replies":[{"embeddable":true,"href":"https:\/\/estherbarniol.com\/comunicat\/wp-json\/wp\/v2\/comments?post=891"}],"version-history":[{"count":67,"href":"https:\/\/estherbarniol.com\/comunicat\/wp-json\/wp\/v2\/pages\/891\/revisions"}],"predecessor-version":[{"id":989043,"href":"https:\/\/estherbarniol.com\/comunicat\/wp-json\/wp\/v2\/pages\/891\/revisions\/989043"}],"wp:featuredmedia":[{"embeddable":true,"href":"https:\/\/estherbarniol.com\/comunicat\/wp-json\/wp\/v2\/media\/987654"}],"wp:attachment":[{"href":"https:\/\/estherbarniol.com\/comunicat\/wp-json\/wp\/v2\/media?parent=891"}],"curies":[{"name":"wp","href":"https:\/\/api.w.org\/{rel}","templated":true}]}}